{"id":987515585,"date":"2024-09-17T11:16:26","date_gmt":"2024-09-17T09:16:26","guid":{"rendered":"https:\/\/terrasurhomes.com\/terms-of-use\/"},"modified":"2025-02-26T12:39:01","modified_gmt":"2025-02-26T10:39:01","slug":"terms-of-use","status":"publish","type":"page","link":"https:\/\/terrasurhomes.com\/ar\/terms-of-use\/","title":{"rendered":"Terms of Use"},"content":{"rendered":"\n<section class=\"wp-block-group container\"><div class=\"wp-block-group__inner-container is-layout-constrained wp-block-group-is-layout-constrained\"><h1 class=\"wp-block-post-title\">Terms of Use<\/h1>\n\n\n<p>En cumplimiento con el deber de informaci\u00f3n recogido en art\u00edculo 10 de la Ley 34\/2002, de 11 de julio, de Servicios de la Sociedad de la Informaci\u00f3n y del Comercio Electr\u00f3nico (LSSICE), el propietario de la web , le informa de lo siguiente:<\/p>\n\n\n\n<ul class=\"wp-block-list\">\n<li>Denominaci\u00f3n social: Marise Hobeika Bou Hanna<\/li>\n\n\n\n<li>NIF: 09244885N<\/li>\n\n\n\n<li>Domicilio: Urb. La Palmera, 15, 29680 &#8211; Estepona (M\u00e1laga)<\/li>\n<\/ul>\n\n\n\n<p>Con los l\u00edmites establecidos en la ley, Marise Hobeika Bou Hanna no asume ninguna responsabilidad derivada de la falta de veracidad, integridad, actualizaci\u00f3n y precisi\u00f3n de los datos o informaciones que contienen sus p\u00e1ginas web.<\/p>\n\n\n\n<p>Los contenidos e informaci\u00f3n no vinculan a Marise Hobeika Bou Hanna ni constituyen opiniones, consejos o asesoramiento legal de ning\u00fan tipo pues se trata meramente de un servicio ofrecido con car\u00e1cter informativo y divulgativo.<\/p>\n\n\n\n<p>Las p\u00e1ginas de Internet de Marise Hobeika Bou Hanna pueden contener enlaces (links) a otras p\u00e1ginas de terceras partes que Marise Hobeika Bou Hanna no puede controlar. Por lo tanto, Marise Hobeika Bou Hanna no puede asumir responsabilidades por el contenido que pueda aparecer en p\u00e1ginas de terceros.<\/p>\n\n\n\n<p>Los textos, im\u00e1genes, sonidos, animaciones, software y el resto de contenidos incluidos en este website son propiedad exclusiva de Marise Hobeika Bou Hanna o sus licenciantes. Cualquier acto de transmisi\u00f3n, distribuci\u00f3n, cesi\u00f3n, reproducci\u00f3n, almacenamiento o comunicaci\u00f3n p\u00fablica total o parcial, deber\u00e1 contar con el consentimiento expreso de Marise Hobeika Bou Hanna.<\/p>\n\n\n\n<p>Asimismo, para acceder a algunos de los servicios que Marise Hobeika Bou Hanna ofrece a trav\u00e9s del sitio web, deber\u00e1 proporcionar algunos datos de car\u00e1cter personal. En cumplimiento de lo establecido en el Reglamento (UE) 2016\/679 del Parlamento Europeo y del Consejo, de 27 de abril de 2016, relativo a la protecci\u00f3n de las personas f\u00edsicas en lo que respecta al tratamiento de datos personales y a la libre circulaci\u00f3n de estos datos le informamos que, mediante la cumplimentaci\u00f3n de los presentes formularios, sus datos personales quedar\u00e1n incorporados y ser\u00e1n tratados en los ficheros de Marise Hobeika Bou Hanna con el fin de poderle prestar y ofrecer nuestros servicios as\u00ed como para informarle de las mejoras del sitio Web.<\/p>\n\n\n\n<p>Le informamos tambi\u00e9n de que tendr\u00e1 la posibilidad en todo momento de ejercer los derechos de acceso, rectificaci\u00f3n, cancelaci\u00f3n, oposici\u00f3n, limitaci\u00f3n y portabilidad de sus datos de car\u00e1cter personal, de manera gratuita mediante email a: info@terrasurhomes.com o en la direcci\u00f3n: Urb. La Palmera, 15, 29680 &#8211; Estepona (M\u00e1laga).<\/p>\n<\/div><\/section>\n","protected":false},"excerpt":{"rendered":"<p>En cumplimiento con el deber de informaci\u00f3n recogido en art\u00edculo 10 de la Ley 34\/2002, de 11 de julio, de Servicios de la Sociedad de la Informaci\u00f3n y del Comercio Electr\u00f3nico (LSSICE), el propietario de&#8230;<\/p>\n","protected":false},"author":1,"featured_media":0,"parent":0,"menu_order":0,"comment_status":"closed","ping_status":"closed","template":"page-legal.php","meta":{"_acf_changed":false,"inline_featured_image":false,"footnotes":""},"class_list":["post-987515585","page","type-page","status-publish","hentry"],"acf":[],"yoast_head":"<!-- This site is optimized with the Yoast SEO plugin v27.3 - https:\/\/yoast.com\/product\/yoast-seo-wordpress\/ -->\n<title>Terms of Use | Terrasur Homes<\/title>\n<meta name=\"robots\" content=\"index, follow, max-snippet:-1, max-image-preview:large, max-video-preview:-1\" \/>\n<link rel=\"canonical\" href=\"https:\/\/terrasurhomes.com\/ar\/terms-of-use\/\" \/>\n<meta property=\"og:locale\" content=\"ar_AR\" \/>\n<meta property=\"og:type\" content=\"article\" \/>\n<meta property=\"og:title\" content=\"Terms of Use | Terrasur Homes\" \/>\n<meta property=\"og:description\" content=\"En cumplimiento con el deber de informaci\u00f3n recogido en art\u00edculo 10 de la Ley 34\/2002, de 11 de julio, de Servicios de la Sociedad de la Informaci\u00f3n y del Comercio Electr\u00f3nico (LSSICE), el propietario de...\" \/>\n<meta property=\"og:url\" content=\"https:\/\/terrasurhomes.com\/ar\/terms-of-use\/\" \/>\n<meta property=\"og:site_name\" content=\"Terrasur Homes\" \/>\n<meta property=\"article:modified_time\" content=\"2025-02-26T10:39:01+00:00\" \/>\n<meta property=\"og:image\" content=\"https:\/\/terrasurhomes.com\/wp-content\/uploads\/2024\/09\/Imagen-Cabecera.webp\" \/>\n\t<meta property=\"og:image:width\" content=\"2560\" \/>\n\t<meta property=\"og:image:height\" content=\"1500\" \/>\n\t<meta property=\"og:image:type\" content=\"image\/webp\" \/>\n<meta name=\"twitter:card\" content=\"summary_large_image\" \/>\n<script type=\"application\/ld+json\" class=\"yoast-schema-graph\">{\"@context\":\"https:\\\/\\\/schema.org\",\"@graph\":[{\"@type\":\"WebPage\",\"@id\":\"https:\\\/\\\/terrasurhomes.com\\\/ar\\\/terms-of-use\\\/\",\"url\":\"https:\\\/\\\/terrasurhomes.com\\\/ar\\\/terms-of-use\\\/\",\"name\":\"Terms of Use | Terrasur Homes\",\"isPartOf\":{\"@id\":\"https:\\\/\\\/terrasurhomes.com\\\/ar\\\/#website\"},\"datePublished\":\"2024-09-17T09:16:26+00:00\",\"dateModified\":\"2025-02-26T10:39:01+00:00\",\"breadcrumb\":{\"@id\":\"https:\\\/\\\/terrasurhomes.com\\\/ar\\\/terms-of-use\\\/#breadcrumb\"},\"inLanguage\":\"ar\",\"potentialAction\":[{\"@type\":\"ReadAction\",\"target\":[\"https:\\\/\\\/terrasurhomes.com\\\/ar\\\/terms-of-use\\\/\"]}]},{\"@type\":\"BreadcrumbList\",\"@id\":\"https:\\\/\\\/terrasurhomes.com\\\/ar\\\/terms-of-use\\\/#breadcrumb\",\"itemListElement\":[{\"@type\":\"ListItem\",\"position\":1,\"name\":\"Home\",\"item\":\"https:\\\/\\\/terrasurhomes.com\\\/ar\\\/\"},{\"@type\":\"ListItem\",\"position\":2,\"name\":\"Terms of Use\"}]},{\"@type\":\"WebSite\",\"@id\":\"https:\\\/\\\/terrasurhomes.com\\\/ar\\\/#website\",\"url\":\"https:\\\/\\\/terrasurhomes.com\\\/ar\\\/\",\"name\":\"Terrasur Homes\",\"description\":\"Where dreams come home\",\"publisher\":{\"@id\":\"https:\\\/\\\/terrasurhomes.com\\\/ar\\\/#organization\"},\"potentialAction\":[{\"@type\":\"SearchAction\",\"target\":{\"@type\":\"EntryPoint\",\"urlTemplate\":\"https:\\\/\\\/terrasurhomes.com\\\/ar\\\/?s={search_term_string}\"},\"query-input\":{\"@type\":\"PropertyValueSpecification\",\"valueRequired\":true,\"valueName\":\"search_term_string\"}}],\"inLanguage\":\"ar\"},{\"@type\":\"Organization\",\"@id\":\"https:\\\/\\\/terrasurhomes.com\\\/ar\\\/#organization\",\"name\":\"Terrasur Homes\",\"url\":\"https:\\\/\\\/terrasurhomes.com\\\/ar\\\/\",\"logo\":{\"@type\":\"ImageObject\",\"inLanguage\":\"ar\",\"@id\":\"https:\\\/\\\/terrasurhomes.com\\\/ar\\\/#\\\/schema\\\/logo\\\/image\\\/\",\"url\":\"https:\\\/\\\/terrasurhomes.com\\\/wp-content\\\/uploads\\\/2024\\\/09\\\/logo-terrasur.svg\",\"contentUrl\":\"https:\\\/\\\/terrasurhomes.com\\\/wp-content\\\/uploads\\\/2024\\\/09\\\/logo-terrasur.svg\",\"width\":200,\"height\":58,\"caption\":\"Terrasur Homes\"},\"image\":{\"@id\":\"https:\\\/\\\/terrasurhomes.com\\\/ar\\\/#\\\/schema\\\/logo\\\/image\\\/\"}}]}<\/script>\n<!-- \/ Yoast SEO plugin. -->","yoast_head_json":{"title":"Terms of Use | Terrasur Homes","robots":{"index":"index","follow":"follow","max-snippet":"max-snippet:-1","max-image-preview":"max-image-preview:large","max-video-preview":"max-video-preview:-1"},"canonical":"https:\/\/terrasurhomes.com\/ar\/terms-of-use\/","og_locale":"ar_AR","og_type":"article","og_title":"Terms of Use | Terrasur Homes","og_description":"En cumplimiento con el deber de informaci\u00f3n recogido en art\u00edculo 10 de la Ley 34\/2002, de 11 de julio, de Servicios de la Sociedad de la Informaci\u00f3n y del Comercio Electr\u00f3nico (LSSICE), el propietario de...","og_url":"https:\/\/terrasurhomes.com\/ar\/terms-of-use\/","og_site_name":"Terrasur Homes","article_modified_time":"2025-02-26T10:39:01+00:00","og_image":[{"width":2560,"height":1500,"url":"https:\/\/terrasurhomes.com\/wp-content\/uploads\/2024\/09\/Imagen-Cabecera.webp","type":"image\/webp"}],"twitter_card":"summary_large_image","schema":{"@context":"https:\/\/schema.org","@graph":[{"@type":"WebPage","@id":"https:\/\/terrasurhomes.com\/ar\/terms-of-use\/","url":"https:\/\/terrasurhomes.com\/ar\/terms-of-use\/","name":"Terms of Use | Terrasur Homes","isPartOf":{"@id":"https:\/\/terrasurhomes.com\/ar\/#website"},"datePublished":"2024-09-17T09:16:26+00:00","dateModified":"2025-02-26T10:39:01+00:00","breadcrumb":{"@id":"https:\/\/terrasurhomes.com\/ar\/terms-of-use\/#breadcrumb"},"inLanguage":"ar","potentialAction":[{"@type":"ReadAction","target":["https:\/\/terrasurhomes.com\/ar\/terms-of-use\/"]}]},{"@type":"BreadcrumbList","@id":"https:\/\/terrasurhomes.com\/ar\/terms-of-use\/#breadcrumb","itemListElement":[{"@type":"ListItem","position":1,"name":"Home","item":"https:\/\/terrasurhomes.com\/ar\/"},{"@type":"ListItem","position":2,"name":"Terms of Use"}]},{"@type":"WebSite","@id":"https:\/\/terrasurhomes.com\/ar\/#website","url":"https:\/\/terrasurhomes.com\/ar\/","name":"Terrasur Homes","description":"Where dreams come home","publisher":{"@id":"https:\/\/terrasurhomes.com\/ar\/#organization"},"potentialAction":[{"@type":"SearchAction","target":{"@type":"EntryPoint","urlTemplate":"https:\/\/terrasurhomes.com\/ar\/?s={search_term_string}"},"query-input":{"@type":"PropertyValueSpecification","valueRequired":true,"valueName":"search_term_string"}}],"inLanguage":"ar"},{"@type":"Organization","@id":"https:\/\/terrasurhomes.com\/ar\/#organization","name":"Terrasur Homes","url":"https:\/\/terrasurhomes.com\/ar\/","logo":{"@type":"ImageObject","inLanguage":"ar","@id":"https:\/\/terrasurhomes.com\/ar\/#\/schema\/logo\/image\/","url":"https:\/\/terrasurhomes.com\/wp-content\/uploads\/2024\/09\/logo-terrasur.svg","contentUrl":"https:\/\/terrasurhomes.com\/wp-content\/uploads\/2024\/09\/logo-terrasur.svg","width":200,"height":58,"caption":"Terrasur Homes"},"image":{"@id":"https:\/\/terrasurhomes.com\/ar\/#\/schema\/logo\/image\/"}}]}},"_links":{"self":[{"href":"https:\/\/terrasurhomes.com\/ar\/wp-json\/wp\/v2\/pages\/987515585","targetHints":{"allow":["GET"]}}],"collection":[{"href":"https:\/\/terrasurhomes.com\/ar\/wp-json\/wp\/v2\/pages"}],"about":[{"href":"https:\/\/terrasurhomes.com\/ar\/wp-json\/wp\/v2\/types\/page"}],"author":[{"embeddable":true,"href":"https:\/\/terrasurhomes.com\/ar\/wp-json\/wp\/v2\/users\/1"}],"replies":[{"embeddable":true,"href":"https:\/\/terrasurhomes.com\/ar\/wp-json\/wp\/v2\/comments?post=987515585"}],"version-history":[{"count":0,"href":"https:\/\/terrasurhomes.com\/ar\/wp-json\/wp\/v2\/pages\/987515585\/revisions"}],"wp:attachment":[{"href":"https:\/\/terrasurhomes.com\/ar\/wp-json\/wp\/v2\/media?parent=987515585"}],"curies":[{"name":"wp","href":"https:\/\/api.w.org\/{rel}","templated":true}]}}